{"id":325,"date":"2025-02-10T19:06:40","date_gmt":"2025-02-10T18:06:40","guid":{"rendered":"https:\/\/earth-wisdom.eu\/?page_id=325"},"modified":"2025-03-06T14:41:10","modified_gmt":"2025-03-06T13:41:10","slug":"impressum","status":"publish","type":"page","link":"https:\/\/earth-wisdom.eu\/en\/impressum\/","title":{"rendered":"Impressum &#038; Datenschutz"},"content":{"rendered":"<div class=\"wp-block-group alignfull is-style-section-4 has-global-padding is-layout-constrained wp-block-group-is-layout-constrained is-style-section-4--1\" style=\"margin-top:0;margin-bottom:0;padding-top:var(--wp--preset--spacing--50);padding-bottom:var(--wp--preset--spacing--50)\">\n<div class=\"wp-block-group has-global-padding is-layout-constrained wp-block-group-is-layout-constrained\" style=\"margin-top:var(--wp--preset--spacing--50);margin-bottom:var(--wp--preset--spacing--50)\">\n<h2 class=\"wp-block-heading\">Imprint<\/h2>\n\n\n\n<p>Leonie Willibald<\/p>\n\n\n\n<p>As I currently do not have a fixed address, I kindly ask you to direct all inquiries exclusively via email. I will process these in accordance with legal requirements.<\/p>\n\n\n\n<p><a href=\"mailto:info@earth-wisdom.eu\">info@earth-wisdom.eu<\/a><\/p>\n<\/div>\n\n\n\n<div class=\"wp-block-group has-global-padding is-layout-constrained wp-block-group-is-layout-constrained\" style=\"margin-top:var(--wp--preset--spacing--50);margin-bottom:var(--wp--preset--spacing--50)\">\n<h3 class=\"wp-block-heading\">Technically responsible<\/h3>\n\n\n\n<p class=\"has-palanquin-font-family has-custom-font\" style=\"font-family:palanquin\"><a href=\"https:\/\/launsch.de\">Winfried Mosler | launsch T&amp;C<\/a><\/p>\n<\/div>\n\n\n\n<div class=\"wp-block-group has-global-padding is-layout-constrained wp-block-group-is-layout-constrained\" style=\"margin-top:var(--wp--preset--spacing--50);margin-bottom:var(--wp--preset--spacing--50)\">\n<h3 class=\"wp-block-heading\">Photo credits<\/h3>\n\n\n\n<p><a href=\"https:\/\/www.exposed-i.de\">Marc Wittenborn | www.exposed-i.de<\/a><\/p>\n<\/div>\n<\/div>\n\n\n\n<div class=\"wp-block-group alignfull is-style-section-1 has-global-padding is-layout-constrained wp-block-group-is-layout-constrained is-style-section-1--2\">\n<div class=\"wp-block-group has-global-padding is-layout-constrained wp-block-group-is-layout-constrained\">\n<h2 class=\"wp-block-heading\"><a href=\"https:\/\/earth-wisdom.eu\/en\/datenschutzerklaerung\/\" data-type=\"page\" data-id=\"655\">To the privacy policy<\/a><\/h2>\n<\/div>\n<\/div>\n\n\n\n<p><\/p>","protected":false},"excerpt":{"rendered":"<p>Impressum Leonie Willibald Da ich derzeit keine feste Anschrift habe, bitte ich darum, Anfragen ausschlie\u00dflich per E-Mail an mich zu richten. Ich werde diese gem\u00e4\u00df den gesetzlichen Vorgaben bearbeiten. info@earth-wisdom.eu Technisch Verantwortlich Winfried Mosler | launsch T&amp;C Bildnachweis Marc Wittenborn | www.exposed-i.de Zur Datenschutzerkl\u00e4rung<\/p>","protected":false},"author":1,"featured_media":0,"parent":0,"menu_order":0,"comment_status":"closed","ping_status":"closed","template":"","meta":{"_coblocks_attr":"","_coblocks_dimensions":"","_coblocks_responsive_height":"","_coblocks_accordion_ie_support":"","footnotes":""},"class_list":["post-325","page","type-page","status-publish","hentry"],"_links":{"self":[{"href":"https:\/\/earth-wisdom.eu\/en\/wp-json\/wp\/v2\/pages\/325","targetHints":{"allow":["GET"]}}],"collection":[{"href":"https:\/\/earth-wisdom.eu\/en\/wp-json\/wp\/v2\/pages"}],"about":[{"href":"https:\/\/earth-wisdom.eu\/en\/wp-json\/wp\/v2\/types\/page"}],"author":[{"embeddable":true,"href":"https:\/\/earth-wisdom.eu\/en\/wp-json\/wp\/v2\/users\/1"}],"replies":[{"embeddable":true,"href":"https:\/\/earth-wisdom.eu\/en\/wp-json\/wp\/v2\/comments?post=325"}],"version-history":[{"count":10,"href":"https:\/\/earth-wisdom.eu\/en\/wp-json\/wp\/v2\/pages\/325\/revisions"}],"predecessor-version":[{"id":772,"href":"https:\/\/earth-wisdom.eu\/en\/wp-json\/wp\/v2\/pages\/325\/revisions\/772"}],"wp:attachment":[{"href":"https:\/\/earth-wisdom.eu\/en\/wp-json\/wp\/v2\/media?parent=325"}],"curies":[{"name":"wp","href":"https:\/\/api.w.org\/{rel}","templated":true}]}}